{"id":441,"date":"2021-08-19T12:35:22","date_gmt":"2021-08-19T12:35:22","guid":{"rendered":"http:\/\/ampaeuroparivas.org\/wordpress\/?page_id=441"},"modified":"2025-11-26T15:02:48","modified_gmt":"2025-11-26T15:02:48","slug":"hazte-socia-o","status":"publish","type":"page","link":"http:\/\/ampaeuroparivas.org\/wordpress\/hazte-socia-o\/","title":{"rendered":"HAZTE SOCIA\/O"},"content":{"rendered":"<style>\/*! elementor - v3.6.5 - 27-04-2022 *\/<br \/>\n.elementor-widget-image{text-align:center}.elementor-widget-image a{display:inline-block}.elementor-widget-image a img[src$=\".svg\"]{width:48px}.elementor-widget-image img{vertical-align:middle;display:inline-block}<\/style>\n<p><img loading=\"lazy\" decoding=\"async\" src=\"http:\/\/ampaeuroparivas.org\/wordpress\/wp-content\/uploads\/2021\/08\/tyler-nix-V3dHmb1MOXM-unsplash-scaled.jpg\" sizes=\"auto, (max-width: 2560px) 100vw, 2560px\" srcset=\"http:\/\/ampaeuroparivas.org\/wordpress\/wp-content\/uploads\/2021\/08\/tyler-nix-V3dHmb1MOXM-unsplash-scaled.jpg 2560w, http:\/\/ampaeuroparivas.org\/wordpress\/wp-content\/uploads\/2021\/08\/tyler-nix-V3dHmb1MOXM-unsplash-300x200.jpg 300w, http:\/\/ampaeuroparivas.org\/wordpress\/wp-content\/uploads\/2021\/08\/tyler-nix-V3dHmb1MOXM-unsplash-1024x683.jpg 1024w, http:\/\/ampaeuroparivas.org\/wordpress\/wp-content\/uploads\/2021\/08\/tyler-nix-V3dHmb1MOXM-unsplash-768x512.jpg 768w, http:\/\/ampaeuroparivas.org\/wordpress\/wp-content\/uploads\/2021\/08\/tyler-nix-V3dHmb1MOXM-unsplash-1536x1024.jpg 1536w, http:\/\/ampaeuroparivas.org\/wordpress\/wp-content\/uploads\/2021\/08\/tyler-nix-V3dHmb1MOXM-unsplash-2048x1365.jpg 2048w\" alt=\"\" width=\"2560\" height=\"1707\" \/><\/p>\n<style>\/*! elementor - v3.6.5 - 27-04-2022 *\/<br \/>\n.elementor-heading-title{padding:0;margin:0;line-height:1}.elementor-widget-heading .elementor-heading-title[class*=elementor-size-]>a{color:inherit;font-size:inherit;line-height:inherit}.elementor-widget-heading .elementor-heading-title.elementor-size-small{font-size:15px}.elementor-widget-heading .elementor-heading-title.elementor-size-medium{font-size:19px}.elementor-widget-heading .elementor-heading-title.elementor-size-large{font-size:29px}.elementor-widget-heading .elementor-heading-title.elementor-size-xl{font-size:39px}.elementor-widget-heading .elementor-heading-title.elementor-size-xxl{font-size:59px}<\/style>\n<h4>JUNTOS PODEMOS HACER MUCHAS COSAS<\/h4>\n<h4>HAZTE SOCIA\/O DE NUESTRA AMPA<\/h4>\n<p style=\"margin-bottom: 10px; text-align: justify;\">Para asociarse ser\u00e1 necesario rellenar la ficha de socio (disponible en el men\u00fa DOCUMENTOS), tanto antiguos socios, como nuevos y se deber\u00e1 abonar en el banco Deutsche Bank:<\/p>\n<p style=\"margin-bottom: 10px; text-align: justify;\">ES27 0019 0535 74 4010032565<\/p>\n<p style=\"margin-bottom: 10px; text-align: justify;\">La cuota de asociado que es de\u00a0<strong>20,00 \u20ac<\/strong>\u00a0(\u00fanica por familia con hijos en el Centro), indicando el nombre\/s y apellidos de los alumnos.<\/p>\n<p style=\"margin-bottom: 10px; text-align: justify;\">La\u00a0<strong>ficha<\/strong>\u00a0de socio, junto con el\u00a0<strong>resguardo de pago<\/strong>\u00a0de la cuota, podr\u00e1n entregarse por\u00a0<a style=\"color: #0000ff; border: 0px; font-style: inherit; margin: 0px; padding: 0px; outline: 0px; vertical-align: baseline; transition-duration: 0.3s; transition-timing-function: ease;\" href=\"mailto:info@ampaeuroparivas.org\">correo electr\u00f3nico<\/a>.<\/p>\n<p>Tambi\u00e9n puedes dejarnos la solicitud en el buz\u00f3n que tenemos en el instituto en frente de la sala de profesores.<\/p>\n\n","protected":false},"excerpt":{"rendered":"<p>JUNTOS PODEMOS HACER MUCHAS COSAS HAZTE SOCIA\/O DE NUESTRA AMPA Para asociarse ser\u00e1 necesario rellenar la ficha de socio (disponible en el men\u00fa DOCUMENTOS), tanto antiguos socios, como nuevos y se deber\u00e1 abonar en el banco Deutsche Bank: ES27 0019 0535 74 4010032565 La cuota de asociado que es de\u00a020,00 \u20ac\u00a0(\u00fanica por familia con hijos [&hellip;]<\/p>\n","protected":false},"author":1,"featured_media":0,"parent":0,"menu_order":0,"comment_status":"closed","ping_status":"closed","template":"","meta":{"site-sidebar-layout":"no-sidebar","site-content-layout":"page-builder","ast-site-content-layout":"full-width-container","site-content-style":"unboxed","site-sidebar-style":"unboxed","ast-global-header-display":"","ast-banner-title-visibility":"","ast-main-header-display":"","ast-hfb-above-header-display":"","ast-hfb-below-header-display":"","ast-hfb-mobile-header-display":"","site-post-title":"disabled","ast-breadcrumbs-content":"","ast-featured-img":"disabled","footer-sml-layout":"","ast-disable-related-posts":"","theme-transparent-header-meta":"default","adv-header-id-meta":"","stick-header-meta":"","header-above-stick-meta":"","header-main-stick-meta":"","header-below-stick-meta":"","astra-migrate-meta-layouts":"set","ast-page-background-enabled":"default","ast-page-background-meta":{"desktop":{"background-color":"var(--ast-global-color-4)","background-image":"","background-repeat":"repeat","background-position":"center center","background-size":"auto","background-attachment":"scroll","background-type":"","background-media":"","overlay-type":"","overlay-color":"","overlay-opacity":"","overlay-gradient":""},"tablet":{"background-color":"","background-image":"","background-repeat":"repeat","background-position":"center center","background-size":"auto","background-attachment":"scroll","background-type":"","background-media":"","overlay-type":"","overlay-color":"","overlay-opacity":"","overlay-gradient":""},"mobile":{"background-color":"","background-image":"","background-repeat":"repeat","background-position":"center center","background-size":"auto","background-attachment":"scroll","background-type":"","background-media":"","overlay-type":"","overlay-color":"","overlay-opacity":"","overlay-gradient":""}},"ast-content-background-meta":{"desktop":{"background-color":"var(--ast-global-color-5)","background-image":"","background-repeat":"repeat","background-position":"center center","background-size":"auto","background-attachment":"scroll","background-type":"","background-media":"","overlay-type":"","overlay-color":"","overlay-opacity":"","overlay-gradient":""},"tablet":{"background-color":"var(--ast-global-color-5)","background-image":"","background-repeat":"repeat","background-position":"center center","background-size":"auto","background-attachment":"scroll","background-type":"","background-media":"","overlay-type":"","overlay-color":"","overlay-opacity":"","overlay-gradient":""},"mobile":{"background-color":"var(--ast-global-color-5)","background-image":"","background-repeat":"repeat","background-position":"center center","background-size":"auto","background-attachment":"scroll","background-type":"","background-media":"","overlay-type":"","overlay-color":"","overlay-opacity":"","overlay-gradient":""}},"footnotes":""},"class_list":["post-441","page","type-page","status-publish","hentry"],"_links":{"self":[{"href":"http:\/\/ampaeuroparivas.org\/wordpress\/wp-json\/wp\/v2\/pages\/441","targetHints":{"allow":["GET"]}}],"collection":[{"href":"http:\/\/ampaeuroparivas.org\/wordpress\/wp-json\/wp\/v2\/pages"}],"about":[{"href":"http:\/\/ampaeuroparivas.org\/wordpress\/wp-json\/wp\/v2\/types\/page"}],"author":[{"embeddable":true,"href":"http:\/\/ampaeuroparivas.org\/wordpress\/wp-json\/wp\/v2\/users\/1"}],"replies":[{"embeddable":true,"href":"http:\/\/ampaeuroparivas.org\/wordpress\/wp-json\/wp\/v2\/comments?post=441"}],"version-history":[{"count":21,"href":"http:\/\/ampaeuroparivas.org\/wordpress\/wp-json\/wp\/v2\/pages\/441\/revisions"}],"predecessor-version":[{"id":1198,"href":"http:\/\/ampaeuroparivas.org\/wordpress\/wp-json\/wp\/v2\/pages\/441\/revisions\/1198"}],"wp:attachment":[{"href":"http:\/\/ampaeuroparivas.org\/wordpress\/wp-json\/wp\/v2\/media?parent=441"}],"curies":[{"name":"wp","href":"https:\/\/api.w.org\/{rel}","templated":true}]}}